{"id":954,"date":"2025-03-15T14:19:56","date_gmt":"2025-03-15T14:19:56","guid":{"rendered":"http:\/\/test.kriesi.at\/enfold-medical\/?page_id=954"},"modified":"2025-10-01T16:25:44","modified_gmt":"2025-10-01T16:25:44","slug":"contacto","status":"publish","type":"page","link":"https:\/\/canaryislandmarinesurvey.com\/es_es\/contacto\/","title":{"rendered":"Contacto"},"content":{"rendered":"<div id='av-layout-grid-1'  class='av-layout-grid-container av-22oukq-a8d3cdfd8f5091dd7dcf9561826d90b9 entry-content-wrapper main_color av-flex-cells  avia-builder-el-0  el_before_av_one_fourth  avia-builder-el-first   container_wrap fullsize'  >\n\n<style type=\"text\/css\" data-created_by=\"avia_inline_auto\" id=\"style-css-av-1wcchu-37d7d798a52900e2dcac81a71f7a1057\">\n.flex_cell.av-1wcchu-37d7d798a52900e2dcac81a71f7a1057{\nvertical-align:middle;\nheight:500px;\nmin-height:500px;\nbackground-color:#22689e;\n}\n.responsive #top #wrap_all .flex_cell.av-1wcchu-37d7d798a52900e2dcac81a71f7a1057{\npadding:80px 80px 80px 80px !important;\n}\n<\/style>\n<div class='flex_cell av-1wcchu-37d7d798a52900e2dcac81a71f7a1057 av-gridrow-cell av_one_half no_margin  avia-builder-el-1  el_before_av_cell_one_half  avia-builder-el-first  avia-full-stretch'  ><div class='flex_cell_inner'><p>\n<style type=\"text\/css\" data-created_by=\"avia_inline_auto\" id=\"style-css-av-krtikxfx-e33360b57d9016621f97042b8f422250\">\n#top .av-special-heading.av-krtikxfx-e33360b57d9016621f97042b8f422250{\npadding-bottom:10px;\ncolor:#ffffff;\n}\nbody .av-special-heading.av-krtikxfx-e33360b57d9016621f97042b8f422250 .av-special-heading-tag .heading-char{\nfont-size:25px;\n}\n.av-special-heading.av-krtikxfx-e33360b57d9016621f97042b8f422250 .special-heading-inner-border{\nborder-color:#ffffff;\n}\n.av-special-heading.av-krtikxfx-e33360b57d9016621f97042b8f422250 .av-subheading{\nfont-size:15px;\n}\n<\/style>\n<div  class='av-special-heading av-krtikxfx-e33360b57d9016621f97042b8f422250 av-special-heading-h1 custom-color-heading blockquote modern-quote modern-centered  avia-builder-el-2  el_before_av_textblock  avia-builder-el-first '><div class='av_custom_color av-subheading av-subheading_above'><p>IMS TECAN ATL\u00c1TICA<\/p>\n<\/div><h1 class='av-special-heading-tag '  itemprop=\"headline\"  >CONTACTA CON NOSOTROS<\/h1><div class=\"special-heading-border\"><div class=\"special-heading-inner-border\"><\/div><\/div><\/div><br \/>\n\n<style type=\"text\/css\" data-created_by=\"avia_inline_auto\" id=\"style-css-av-1qgwm2-06a9639ea6277533f9c880526c2e5656\">\n#top .av_textblock_section.av-1qgwm2-06a9639ea6277533f9c880526c2e5656 .avia_textblock{\ncolor:#ffffff;\n}\n<\/style>\n<section  class='av_textblock_section av-1qgwm2-06a9639ea6277533f9c880526c2e5656 '   itemscope=\"itemscope\" itemtype=\"https:\/\/schema.org\/CreativeWork\" ><div class='avia_textblock av_inherit_color'  itemprop=\"text\" ><p style=\"text-align: left;\">Si buscas expertos en el control de calidad y cantidad, as\u00ed como en una amplia gama de servicios especializados para embarcaciones de recreo y transporte de mercanc\u00edas, \u00a1somos tu mejor opci\u00f3n!<\/p>\n<p style=\"text-align: left;\">Nuestro compromiso con la excelencia y la sostenibilidad garantiza soluciones personalizadas que se adaptan a tus necesidades, asegurando siempre resultados \u00f3ptimos y de confianza. <strong>\u00a1Cont\u00e1ctanos para saber m\u00e1s!<\/strong><\/p>\n<\/div><\/section><\/p>\n<\/div><\/div>\n<style type=\"text\/css\" data-created_by=\"avia_inline_auto\" id=\"style-css-av-1m4f4i-afe2e21f5ddcee113aee991decbc9c1c\">\n.flex_cell.av-1m4f4i-afe2e21f5ddcee113aee991decbc9c1c{\nvertical-align:middle;\nheight:500px;\nmin-height:500px;\nbackground:url(https:\/\/canaryislandmarinesurvey.com\/wp-content\/uploads\/2025\/03\/3468365-300x221.jpeg) 50% 50% no-repeat scroll #22689e;\n}\n.responsive #top #wrap_all .flex_cell.av-1m4f4i-afe2e21f5ddcee113aee991decbc9c1c{\npadding:80px 80px 80px 80px !important;\n}\n<\/style>\n<div class='flex_cell av-1m4f4i-afe2e21f5ddcee113aee991decbc9c1c av-gridrow-cell av_one_half no_margin  avia-builder-el-4  el_after_av_cell_one_half  avia-builder-el-last  avia-full-stretch'  ><div class='flex_cell_inner'><\/div><\/div>\n<\/div><div id='after_grid_row_1'  class='main_color av_default_container_wrap container_wrap fullsize'  ><div class='container av-section-cont-open' ><div class='template-page content  av-content-full alpha units'><div class='post-entry post-entry-type-page post-entry-954'><div class='entry-content-wrapper clearfix'>\n\n<style type=\"text\/css\" data-created_by=\"avia_inline_auto\" id=\"style-css-av-n1kxm-400ecf3dcada1f4d4e7c9f532b5f1004\">\n.flex_column.av-n1kxm-400ecf3dcada1f4d4e7c9f532b5f1004{\nborder-radius:0px 0px 0px 0px;\npadding:0px 0px 0px 0px;\n}\n<\/style>\n<div  class='flex_column av-n1kxm-400ecf3dcada1f4d4e7c9f532b5f1004 av_one_fourth  avia-builder-el-5  el_after_av_layout_row  el_before_av_one_fourth  avia-builder-el-first  first flex_column_div av-zero-column-padding  '     ><style type=\"text\/css\" data-created_by=\"avia_inline_auto\" id=\"style-css-av-krtm5djz-9bb4768d764ab5f0c10fea8a512e80c9\">\n.av_font_icon.av-krtm5djz-9bb4768d764ab5f0c10fea8a512e80c9{\ncolor:#22689e;\nborder-color:#22689e;\n}\n.av_font_icon.av-krtm5djz-9bb4768d764ab5f0c10fea8a512e80c9 .av-icon-char{\nfont-size:40px;\nline-height:40px;\nwidth:40px;\n}\n<\/style>\n<span  class='av_font_icon av-krtm5djz-9bb4768d764ab5f0c10fea8a512e80c9 avia_animate_when_visible av-icon-style-border avia-icon-pos-center avia-icon-animate'><span class='av-icon-char' aria-hidden='true' data-av_icon='\ue854' data-av_iconfont='entypo-fontello' ><\/span><span class='av_icon_caption av-special-font'>+34 646 02 78 00<\/span><\/span><\/div>\n\n<style type=\"text\/css\" data-created_by=\"avia_inline_auto\" id=\"style-css-av-gchx6-20befff6960660598025ef0068a60513\">\n.flex_column.av-gchx6-20befff6960660598025ef0068a60513{\nborder-radius:0px 0px 0px 0px;\npadding:0px 0px 0px 0px;\n}\n<\/style>\n<div  class='flex_column av-gchx6-20befff6960660598025ef0068a60513 av_one_fourth  avia-builder-el-7  el_after_av_one_fourth  el_before_av_one_fourth  flex_column_div av-zero-column-padding  '     ><style type=\"text\/css\" data-created_by=\"avia_inline_auto\" id=\"style-css-av-krtm7seg-41bd76c4a71c2f1aedb8638b3ac323cf\">\n.av_font_icon.av-krtm7seg-41bd76c4a71c2f1aedb8638b3ac323cf{\ncolor:#22689e;\nborder-color:#22689e;\n}\n.av_font_icon.av-krtm7seg-41bd76c4a71c2f1aedb8638b3ac323cf .av-icon-char{\nfont-size:40px;\nline-height:40px;\nwidth:40px;\n}\n<\/style>\n<span  class='av_font_icon av-krtm7seg-41bd76c4a71c2f1aedb8638b3ac323cf avia_animate_when_visible av-icon-style-border avia-icon-pos-center avia-icon-animate'><span class='av-icon-char' aria-hidden='true' data-av_icon='\ue805' data-av_iconfont='entypo-fontello' ><\/span><span class='av_icon_caption av-special-font'>imstecanatlantica@gmail.com<\/span><\/span><\/div>\n<style type=\"text\/css\" data-created_by=\"avia_inline_auto\" id=\"style-css-av-75mnm-0e5087c992b8b156c57b8f73bcb5386b\">\n.flex_column.av-75mnm-0e5087c992b8b156c57b8f73bcb5386b{\nborder-radius:0px 0px 0px 0px;\npadding:0px 0px 0px 0px;\n}\n<\/style>\n<div  class='flex_column av-75mnm-0e5087c992b8b156c57b8f73bcb5386b av_one_fourth  avia-builder-el-9  el_after_av_one_fourth  el_before_av_one_fourth  flex_column_div av-zero-column-padding  '     ><style type=\"text\/css\" data-created_by=\"avia_inline_auto\" id=\"style-css-av-krtmaza4-a8413d09e96c58e5962d8bfaaf54d415\">\n.av_font_icon.av-krtmaza4-a8413d09e96c58e5962d8bfaaf54d415{\ncolor:#22689e;\nborder-color:#22689e;\n}\n.av_font_icon.av-krtmaza4-a8413d09e96c58e5962d8bfaaf54d415 .av-icon-char{\nfont-size:40px;\nline-height:40px;\nwidth:40px;\n}\n<\/style>\n<span  class='av_font_icon av-krtmaza4-a8413d09e96c58e5962d8bfaaf54d415 avia_animate_when_visible av-icon-style-border avia-icon-pos-center avia-icon-animate'><a href=\"https:\/\/www.linkedin.com\/company\/85882630\/admin\/dashboard\/\" target=\"_blank\" rel=\"noopener noreferrer\" class=\"av-icon-char\" aria-hidden=\"false\" data-av_icon=\"\ue8fc\" data-av_iconfont=\"entypo-fontello\"><\/a><span class='av_icon_caption av-special-font'>imstecan<\/span><\/span><\/div><\/p>\n\n<style type=\"text\/css\" data-created_by=\"avia_inline_auto\" id=\"style-css-av-8j4ai-c1cd95acd51204a164f587512fc9bfb0\">\n.flex_column.av-8j4ai-c1cd95acd51204a164f587512fc9bfb0{\nborder-radius:0px 0px 0px 0px;\npadding:0px 0px 0px 0px;\n}\n<\/style>\n<div  class='flex_column av-8j4ai-c1cd95acd51204a164f587512fc9bfb0 av_one_fourth  avia-builder-el-11  el_after_av_one_fourth  el_before_av_one_half  flex_column_div av-zero-column-padding  '     ><style type=\"text\/css\" data-created_by=\"avia_inline_auto\" id=\"style-css-av-krtmc6hi-f4fe38b9d76d44cc4064e9557dfe4515\">\n.av_font_icon.av-krtmc6hi-f4fe38b9d76d44cc4064e9557dfe4515{\ncolor:#22689e;\nborder-color:#22689e;\n}\n.av_font_icon.av-krtmc6hi-f4fe38b9d76d44cc4064e9557dfe4515 .av-icon-char{\nfont-size:40px;\nline-height:40px;\nwidth:40px;\n}\n<\/style>\n<span  class='av_font_icon av-krtmc6hi-f4fe38b9d76d44cc4064e9557dfe4515 avia_animate_when_visible av-icon-style-border avia-icon-pos-center avia-icon-animate'><a href=\"https:\/\/www.facebook.com\/profile.php?id=61570457560922\" class=\"av-icon-char\" aria-hidden=\"false\" data-av_icon=\"\ue8f3\" data-av_iconfont=\"entypo-fontello\" target=\"_blank\" rel=\"noopener\"><\/a><span class='av_icon_caption av-special-font'>imstecan<\/span><\/span><\/div>\n\n<style type=\"text\/css\" data-created_by=\"avia_inline_auto\" id=\"style-css-av-1dzn02-43e00bc5c61bc0ac887bdf21ad828656\">\n.flex_column.av-1dzn02-43e00bc5c61bc0ac887bdf21ad828656{\nborder-radius:0px 0px 0px 0px;\npadding:0px 0px 0px 0px;\n}\n<\/style>\n<div  class='flex_column av-1dzn02-43e00bc5c61bc0ac887bdf21ad828656 av_one_half  avia-builder-el-13  el_after_av_one_fourth  el_before_av_one_half  first flex_column_div av-zero-column-padding  column-top-margin'     ><form action=\"https:\/\/canaryislandmarinesurvey.com\/es_es\/contacto\/\" method=\"post\" data-fields-with-error=\"Found errors in the following field(s):\" class=\"avia_ajax_form av-form-labels-visible   avia-builder-el-14  avia-builder-el-no-sibling  av-custom-form-color av-dark-form \" data-avia-form-id=\"1\" data-avia-redirect='' ><fieldset><p class='  first_form  form_element form_fullwidth' id='element_avia_1_1'><label for=\"avia_1_1\">Nombre <abbr class=\"required\" title=\"requerido\">*<\/abbr><\/label> <input name=\"avia_1_1\" class=\"text_input is_empty\" type=\"text\" id=\"avia_1_1\" value=\"\" \/><\/p><p class='  first_form  form_element form_fullwidth' id='element_avia_2_1'><label for=\"avia_2_1\">Correo electr\u00f3nico <abbr class=\"required\" title=\"requerido\">*<\/abbr><\/label> <input name=\"avia_2_1\" class=\"text_input is_email\" type=\"text\" id=\"avia_2_1\" value=\"\" \/><\/p><p class='  first_form  form_element form_fullwidth' id='element_avia_3_1'><label for=\"avia_3_1\">Asunto <abbr class=\"required\" title=\"requerido\">*<\/abbr><\/label> <input name=\"avia_3_1\" class=\"text_input is_empty\" type=\"text\" id=\"avia_3_1\" value=\"\" \/><\/p><p class='  first_form  form_element form_fullwidth av-last-visible-form-element' id='element_avia_4_1'><label for=\"avia_4_1\" class=\"textare_label hidden textare_label_avia_4_1\">Mensaje <abbr class=\"required\" title=\"requerido\">*<\/abbr><\/label><textarea  name=\"avia_4_1\" class=\"text_area is_empty\" cols=\"40\" rows=\"7\" id=\"avia_4_1\" ><\/textarea><\/p><p class=\"hidden\"><input type=\"text\" name=\"avia_5_1\" class=\"hidden \" id=\"avia_5_1\" value=\"\" \/><\/p><p class=\"form_element \"><input type=\"hidden\" value=\"1\" name=\"avia_generated_form1\" \/><input type=\"submit\" value=\"Enviar\" class=\"button\"  data-sending-label=\"Enviando\"\/><\/p><\/fieldset><\/form><div id=\"ajaxresponse_1\" class=\"ajaxresponse ajaxresponse_1 hidden\"><\/div><\/div>\n\n<style type=\"text\/css\" data-created_by=\"avia_inline_auto\" id=\"style-css-av-klzdu-bceba28a4dc110583b92640cf81ffc11\">\n.flex_column.av-klzdu-bceba28a4dc110583b92640cf81ffc11{\nborder-radius:0px 0px 0px 0px;\npadding:0px 0px 0px 0px;\n}\n<\/style>\n<div  class='flex_column av-klzdu-bceba28a4dc110583b92640cf81ffc11 av_one_half  avia-builder-el-15  el_after_av_one_half  el_before_av_heading  flex_column_div av-zero-column-padding  column-top-margin'     ><section  class='av_textblock_section av-7nxlu-912a576c262121f5a5b4cb1ac22692cf '   itemscope=\"itemscope\" itemtype=\"https:\/\/schema.org\/CreativeWork\" ><div class='avia_textblock'  itemprop=\"text\" ><p style=\"text-align: center;\">Los puertos de Gran Canaria y Tenerife como nexos de uni\u00f3n para buques que se desplazan hacia<strong> Africa, Europa y Am\u00e9rica<\/strong>, ofreciendo un gran abanico de servicios, tanto en suministro de combustibles o provisiones, como en trabajos de astilleros, trabajos en casco con buzos, entre muchos otros m\u00e1s.<\/p>\n<\/div><\/section><br \/>\n\n<style type=\"text\/css\" data-created_by=\"avia_inline_auto\" id=\"style-css-av-krtiouyl-a68c04589e10abf60254220fa27c5963\">\n#top .hr.hr-invisible.av-krtiouyl-a68c04589e10abf60254220fa27c5963{\nheight:40px;\n}\n<\/style>\n<div  class='hr av-krtiouyl-a68c04589e10abf60254220fa27c5963 hr-invisible  avia-builder-el-17  el_after_av_textblock  el_before_av_image '><span class='hr-inner '><span class=\"hr-inner-style\"><\/span><\/span><\/div><br \/>\n\n<style type=\"text\/css\" data-created_by=\"avia_inline_auto\" id=\"style-css-av-e1p7m-d55869add656818ef2c0c0550805c443\">\n.avia-image-container.av-e1p7m-d55869add656818ef2c0c0550805c443 img.avia_image{\nbox-shadow:none;\n}\n.avia-image-container.av-e1p7m-d55869add656818ef2c0c0550805c443 .av-image-caption-overlay-center{\ncolor:#ffffff;\n}\n<\/style>\n<div  class='avia-image-container av-e1p7m-d55869add656818ef2c0c0550805c443 av-styling- avia-align-center  avia-builder-el-18  el_after_av_hr  avia-builder-el-last '   itemprop=\"image\" itemscope=\"itemscope\" itemtype=\"https:\/\/schema.org\/ImageObject\" ><div class=\"avia-image-container-inner\"><div class=\"avia-image-overlay-wrap\"><img fetchpriority=\"high\" fetchpriority=\"high\" decoding=\"async\" fetchpriority=\"high\" class='wp-image-1309 avia-img-lazy-loading-not-1309 avia_image ' src=\"https:\/\/canaryislandmarinesurvey.com\/wp-content\/uploads\/2021\/08\/Untitled-8.jpg\" alt='' title='Untitled 8'  height=\"573\" width=\"722\"  itemprop=\"thumbnailUrl\" srcset=\"https:\/\/canaryislandmarinesurvey.com\/wp-content\/uploads\/2021\/08\/Untitled-8.jpg 722w, https:\/\/canaryislandmarinesurvey.com\/wp-content\/uploads\/2021\/08\/Untitled-8-300x238.jpg 300w\" sizes=\"(max-width: 722px) 100vw, 722px\" \/><\/div><\/div><\/div><\/p><\/div>\n\n<style type=\"text\/css\" data-created_by=\"avia_inline_auto\" id=\"style-css-av-mb2d4tjj-4ce0eabab2cb7dd1d3ed034768cfa87d\">\n#top .av-special-heading.av-mb2d4tjj-4ce0eabab2cb7dd1d3ed034768cfa87d{\npadding-bottom:10px;\n}\nbody .av-special-heading.av-mb2d4tjj-4ce0eabab2cb7dd1d3ed034768cfa87d .av-special-heading-tag .heading-char{\nfont-size:25px;\n}\n.av-special-heading.av-mb2d4tjj-4ce0eabab2cb7dd1d3ed034768cfa87d .av-subheading{\nfont-size:15px;\n}\n<\/style>\n<div  class='av-special-heading av-mb2d4tjj-4ce0eabab2cb7dd1d3ed034768cfa87d av-special-heading-h3  avia-builder-el-19  el_after_av_one_half  el_before_av_textblock '><h3 class='av-special-heading-tag '  itemprop=\"headline\"  >\u00bfTe apasiona el sector mar\u00edtimo?<\/h3><div class=\"special-heading-border\"><div class=\"special-heading-inner-border\"><\/div><\/div><\/div>\n<section  class='av_textblock_section av-mb2d8fda-3e0176746ecb9ce2e87600e91d383b5b '   itemscope=\"itemscope\" itemtype=\"https:\/\/schema.org\/CreativeWork\" ><div class='avia_textblock'  itemprop=\"text\" ><p class=\"\" data-start=\"188\" data-end=\"728\">En nuestra empresa, siempre estamos en b\u00fasqueda de profesionales comprometidos que quieran crecer con nosotros.<\/p>\n<p class=\"\" data-start=\"188\" data-end=\"728\">Si tienes experiencia o est\u00e1s interesado en desarrollarte como <strong>inspector de barcos<\/strong> en Gran Canaria o Tenerife, nos encantar\u00eda conocer tu perfil. Puedes enviarnos tu curr\u00edculum a nuestro correo de contacto y formar parte de un equipo t\u00e9cnico con vocaci\u00f3n, seriedad y proyecci\u00f3n en el sector mar\u00edtimo.<\/p>\n<\/div><\/section>\n<\/div><\/div><\/div><!-- close content main div --><\/div><\/div>\n<style type=\"text\/css\" data-created_by=\"avia_inline_auto\" id=\"style-css-av-mamp9rqz-59d3ce8117e9f01a1e85ec6b83d96e52\">\n.avia-section.av-mamp9rqz-59d3ce8117e9f01a1e85ec6b83d96e52{\nbackground-color:#297ece;\nbackground:linear-gradient( to bottom, #297ece, #ffffff );\n}\n#top .avia-section.av-mamp9rqz-59d3ce8117e9f01a1e85ec6b83d96e52 .scroll-down-link{\ncolor:#000000;\n}\n<\/style>\n<div id='av_section_1'  class='avia-section av-mamp9rqz-59d3ce8117e9f01a1e85ec6b83d96e52 main_color avia-section-default avia-no-border-styling  avia-builder-el-21  el_after_av_textblock  el_before_av_button  avia-bg-style-scroll container_wrap fullsize'  ><div class=\"av-section-color-overlay-wrap\"><a href='#next-section' title='' class='scroll-down-link av-custom-scroll-down-color' aria-hidden='true' data-av_icon='\ue877' data-av_iconfont='entypo-fontello'><\/a><div class='container av-section-cont-open' ><div class='template-page content  av-content-full alpha units'><div class='post-entry post-entry-type-page post-entry-954'><div class='entry-content-wrapper clearfix'><\/div><\/div><\/div><!-- close content main div --><\/div><\/div><\/div><div id='after_section_1'  class='main_color av_default_container_wrap container_wrap fullsize'  ><div class='container av-section-cont-open' ><div class='template-page content  av-content-full alpha units'><div class='post-entry post-entry-type-page post-entry-954'><div class='entry-content-wrapper clearfix'>\n<div  class='avia-button-wrap av-mampg5ev-3b47056732a507ccbb28c95b42e037ca-wrap avia_animated_button av-animated-when-visible-95 bottom-to-top avia-button-center  avia-builder-el-22  el_after_av_section  el_before_av_hr  avia-builder-el-first '>\n<style type=\"text\/css\" data-created_by=\"avia_inline_auto\" id=\"style-css-av-mampg5ev-3b47056732a507ccbb28c95b42e037ca\">\n#top #wrap_all .avia-button.av-mampg5ev-3b47056732a507ccbb28c95b42e037ca{\nfont-size:25px;\ntransition:all 0.4s ease-in-out;\n}\n<\/style>\n<a href=\"https:\/\/canaryislandmarinesurvey.com\/es_es\/?page_id=1919&amp;preview=true\" class=\"avia-button av-mampg5ev-3b47056732a507ccbb28c95b42e037ca av-link-btn avia-icon_select-yes-right-icon avia-size-x-large avia-position-center avia-color-theme-color\" target=\"_blank\" rel=\"noopener noreferrer\" aria-label=\"F.A.Q\"><span class='avia_iconbox_title' >F.A.Q<\/span><span class='avia_button_icon avia_button_icon_right' aria-hidden='true' data-av_icon='\ue81c' data-av_iconfont='entypo-fontello'><\/span><\/a><\/div>\n<div  class='hr av-72096-7573f57f81347b3746aeb86016bbe688 hr-default  avia-builder-el-23  el_after_av_button  avia-builder-el-last '><span class='hr-inner '><span class=\"hr-inner-style\"><\/span><\/span><\/div>\n","protected":false},"excerpt":{"rendered":"","protected":false},"author":1,"featured_media":0,"parent":0,"menu_order":9,"comment_status":"closed","ping_status":"closed","template":"","meta":{"footnotes":""},"class_list":["post-954","page","type-page","status-publish","hentry"],"_links":{"self":[{"href":"https:\/\/canaryislandmarinesurvey.com\/es_es\/wp-json\/wp\/v2\/pages\/954","targetHints":{"allow":["GET"]}}],"collection":[{"href":"https:\/\/canaryislandmarinesurvey.com\/es_es\/wp-json\/wp\/v2\/pages"}],"about":[{"href":"https:\/\/canaryislandmarinesurvey.com\/es_es\/wp-json\/wp\/v2\/types\/page"}],"author":[{"embeddable":true,"href":"https:\/\/canaryislandmarinesurvey.com\/es_es\/wp-json\/wp\/v2\/users\/1"}],"replies":[{"embeddable":true,"href":"https:\/\/canaryislandmarinesurvey.com\/es_es\/wp-json\/wp\/v2\/comments?post=954"}],"version-history":[{"count":16,"href":"https:\/\/canaryislandmarinesurvey.com\/es_es\/wp-json\/wp\/v2\/pages\/954\/revisions"}],"predecessor-version":[{"id":2135,"href":"https:\/\/canaryislandmarinesurvey.com\/es_es\/wp-json\/wp\/v2\/pages\/954\/revisions\/2135"}],"wp:attachment":[{"href":"https:\/\/canaryislandmarinesurvey.com\/es_es\/wp-json\/wp\/v2\/media?parent=954"}],"curies":[{"name":"wp","href":"https:\/\/api.w.org\/{rel}","templated":true}]}}