{"id":952,"date":"2025-03-15T14:19:28","date_gmt":"2025-03-15T14:19:28","guid":{"rendered":"http:\/\/test.kriesi.at\/enfold-medical\/?page_id=952"},"modified":"2025-09-25T17:23:57","modified_gmt":"2025-09-25T17:23:57","slug":"servicios","status":"publish","type":"page","link":"http:\/\/canaryislandmarinesurvey.com\/es_es\/servicios\/","title":{"rendered":"Nuestros Servicios"},"content":{"rendered":"<div id='av-layout-grid-1'  class='av-layout-grid-container av-9to24o-fa511a95ae5732a708c3c995e8b9c151 entry-content-wrapper main_color av-flex-cells  avia-builder-el-0  el_before_av_heading  avia-builder-el-first   container_wrap fullsize'  >\n\n<style type=\"text\/css\" data-created_by=\"avia_inline_auto\" id=\"style-css-av-9qpu20-448d8d05fd1632973b34ca5385e80da2\">\n.flex_cell.av-9qpu20-448d8d05fd1632973b34ca5385e80da2{\nvertical-align:middle;\nheight:500px;\nmin-height:500px;\nbackground-color:#22689e;\n}\n.responsive #top #wrap_all .flex_cell.av-9qpu20-448d8d05fd1632973b34ca5385e80da2{\npadding:80px 80px 80px 80px !important;\n}\n<\/style>\n<div class='flex_cell av-9qpu20-448d8d05fd1632973b34ca5385e80da2 av-gridrow-cell av_one_half no_margin  avia-builder-el-1  el_before_av_cell_one_half  avia-builder-el-first  avia-full-stretch'  ><div class='flex_cell_inner'><p>\n<style type=\"text\/css\" data-created_by=\"avia_inline_auto\" id=\"style-css-av-mr3m8-e3fa1eb7a0846557fc3674125db8c583\">\n#top .av-special-heading.av-mr3m8-e3fa1eb7a0846557fc3674125db8c583{\npadding-bottom:25px;\ncolor:#ffffff;\nfont-size:34px;\n}\nbody .av-special-heading.av-mr3m8-e3fa1eb7a0846557fc3674125db8c583 .av-special-heading-tag .heading-char{\nfont-size:25px;\n}\n#top #wrap_all .av-special-heading.av-mr3m8-e3fa1eb7a0846557fc3674125db8c583 .av-special-heading-tag{\nfont-size:34px;\n}\n.av-special-heading.av-mr3m8-e3fa1eb7a0846557fc3674125db8c583 .special-heading-inner-border{\nborder-color:#ffffff;\n}\n.av-special-heading.av-mr3m8-e3fa1eb7a0846557fc3674125db8c583 .av-subheading{\nfont-size:15px;\n}\n\n@media only screen and (min-width: 480px) and (max-width: 767px){ \n#top #wrap_all .av-special-heading.av-mr3m8-e3fa1eb7a0846557fc3674125db8c583 .av-special-heading-tag{\nfont-size:0.8em;\n}\n}\n\n@media only screen and (max-width: 479px){ \n#top #wrap_all .av-special-heading.av-mr3m8-e3fa1eb7a0846557fc3674125db8c583 .av-special-heading-tag{\nfont-size:0.8em;\n}\n}\n<\/style>\n<div  class='av-special-heading av-mr3m8-e3fa1eb7a0846557fc3674125db8c583 av-special-heading-h3 custom-color-heading blockquote modern-quote modern-centered  avia-builder-el-2  el_before_av_textblock  avia-builder-el-first  av-inherit-size'><div class='av_custom_color av-subheading av-subheading_above'><p>IMS TECAN ATL\u00c1NTICA<\/p>\n<\/div><h3 class='av-special-heading-tag '  itemprop=\"headline\"  >Nuestros Servicios<\/h3><div class=\"special-heading-border\"><div class=\"special-heading-inner-border\"><\/div><\/div><\/div><br \/>\n\n<style type=\"text\/css\" data-created_by=\"avia_inline_auto\" id=\"style-css-av-do9ew-864db9cbf9085283f6cceea813e5e240\">\n#top .av_textblock_section.av-do9ew-864db9cbf9085283f6cceea813e5e240 .avia_textblock{\ncolor:#ffffff;\n}\n<\/style>\n<section  class='av_textblock_section av-do9ew-864db9cbf9085283f6cceea813e5e240 '   itemscope=\"itemscope\" itemtype=\"https:\/\/schema.org\/CreativeWork\" ><div class='avia_textblock av_inherit_color'  itemprop=\"text\" ><p style=\"text-align: center;\">Ofrecemos un amplio abanico de servicios de control enfocado al mercado asegurador nacional e internacional y a corredores de seguros e industria.<\/p>\n<\/div><\/section><\/p>\n<\/div><\/div>\n<style type=\"text\/css\" data-created_by=\"avia_inline_auto\" id=\"style-css-av-bqo0g-a7201175eb249fbd9731945ea019f41b\">\n.flex_cell.av-bqo0g-a7201175eb249fbd9731945ea019f41b{\nvertical-align:middle;\nheight:500px;\nmin-height:500px;\nbackground:url(https:\/\/canaryislandmarinesurvey.com\/wp-content\/uploads\/2025\/09\/800_imagen.jpg) 0% 0% no-repeat scroll #22689e;\n}\n.responsive #top #wrap_all .flex_cell.av-bqo0g-a7201175eb249fbd9731945ea019f41b{\npadding:0px 0px 0px 0px !important;\n}\n<\/style>\n<div class='flex_cell av-bqo0g-a7201175eb249fbd9731945ea019f41b av-gridrow-cell av_one_half no_margin  avia-builder-el-4  el_after_av_cell_one_half  avia-builder-el-last  av-zero-padding avia-full-stretch'  ><div class='flex_cell_inner'><\/div><\/div><\/div><div id='after_grid_row_1'  class='main_color av_default_container_wrap container_wrap fullsize'  ><div class='container av-section-cont-open' ><div class='template-page content  av-content-full alpha units'><div class='post-entry post-entry-type-page post-entry-952'><div class='entry-content-wrapper clearfix'>\n<style type=\"text\/css\" data-created_by=\"avia_inline_auto\" id=\"style-css-av-krtfm675-baaec8fdff3d40164f76d5bb6b57b07c\">\n#top .av-special-heading.av-krtfm675-baaec8fdff3d40164f76d5bb6b57b07c{\npadding-bottom:25px;\ncolor:#000000;\nfont-size:34px;\n}\nbody .av-special-heading.av-krtfm675-baaec8fdff3d40164f76d5bb6b57b07c .av-special-heading-tag .heading-char{\nfont-size:25px;\n}\n#top #wrap_all .av-special-heading.av-krtfm675-baaec8fdff3d40164f76d5bb6b57b07c .av-special-heading-tag{\nfont-size:34px;\n}\n.av-special-heading.av-krtfm675-baaec8fdff3d40164f76d5bb6b57b07c .special-heading-inner-border{\nborder-color:#000000;\n}\n.av-special-heading.av-krtfm675-baaec8fdff3d40164f76d5bb6b57b07c .av-subheading{\nfont-size:15px;\ncolor:#727272;\n}\n\n@media only screen and (min-width: 480px) and (max-width: 767px){ \n#top #wrap_all .av-special-heading.av-krtfm675-baaec8fdff3d40164f76d5bb6b57b07c .av-special-heading-tag{\nfont-size:0.8em;\n}\n}\n\n@media only screen and (max-width: 479px){ \n#top #wrap_all .av-special-heading.av-krtfm675-baaec8fdff3d40164f76d5bb6b57b07c .av-special-heading-tag{\nfont-size:0.8em;\n}\n}\n<\/style>\n<div  class='av-special-heading av-krtfm675-baaec8fdff3d40164f76d5bb6b57b07c av-special-heading-h3 custom-color-heading blockquote modern-quote modern-centered  avia-builder-el-5  el_after_av_layout_row  el_before_av_hr  avia-builder-el-first  av-inherit-size'><h3 class='av-special-heading-tag '  itemprop=\"headline\"  >Cat\u00e1logo de servicios<\/h3><div class='av_custom_color av-subheading av-subheading_below'><p>Haz clic en nuestros servicios para conocerlos y\/o solicitaros<\/p>\n<\/div><div class=\"special-heading-border\"><div class=\"special-heading-inner-border\"><\/div><\/div><\/div><\/p>\n\n<style type=\"text\/css\" data-created_by=\"avia_inline_auto\" id=\"style-css-av-8rppc-aa7cabca41b7ecfa86110ef574b5260b\">\n#top .hr.hr-invisible.av-8rppc-aa7cabca41b7ecfa86110ef574b5260b{\nheight:20px;\n}\n<\/style>\n<div  class='hr av-8rppc-aa7cabca41b7ecfa86110ef574b5260b hr-invisible  avia-builder-el-6  el_after_av_heading  el_before_av_section  avia-builder-el-last '><span class='hr-inner '><span class=\"hr-inner-style\"><\/span><\/span><\/div>\n<\/div><\/div><\/div><!-- close content main div --><\/div><\/div><div id='av_section_1'  class='avia-section av-36fjz4-54901fc848955619b3ebd661f5780c63 main_color avia-section-huge avia-no-border-styling  avia-builder-el-7  el_after_av_hr  el_before_av_slideshow_full  avia-bg-style-scroll container_wrap fullsize'  ><div class='container av-section-cont-open' ><div class='template-page content  av-content-full alpha units'><div class='post-entry post-entry-type-page post-entry-952'><div class='entry-content-wrapper clearfix'>\n<div class='flex_column_table av-32u160-833a5085beac0c5e905e48bc92e9fa0b sc-av_one_fourth av-equal-height-column-flextable'>\n<style type=\"text\/css\" data-created_by=\"avia_inline_auto\" id=\"style-css-av-32u160-833a5085beac0c5e905e48bc92e9fa0b\">\n#top .flex_column_table.av-equal-height-column-flextable.av-32u160-833a5085beac0c5e905e48bc92e9fa0b{\nmargin-top:-200px;\nmargin-bottom:0px;\n}\n.flex_column.av-32u160-833a5085beac0c5e905e48bc92e9fa0b{\nborder-width:5px;\nborder-color:#ffffff;\nborder-style:solid;\nborder-radius:0px 0px 0px 0px;\npadding:40px 40px 40px 40px;\nbackground-color:#22689e;\n}\n<\/style>\n<div  class='flex_column av-32u160-833a5085beac0c5e905e48bc92e9fa0b av_one_fourth  avia-builder-el-8  el_before_av_one_fourth  avia-builder-el-first  first no_margin flex_column_table_cell av-equal-height-column av-align-top  '     ><p>\n<style type=\"text\/css\" data-created_by=\"avia_inline_auto\" id=\"style-css-av-2wuiog-2ea877dfaaddbea4aef37d75bbd006a3\">\n.av_font_icon.av-2wuiog-2ea877dfaaddbea4aef37d75bbd006a3{\ncolor:#ffffff;\nborder-color:#ffffff;\n}\n.av_font_icon.av-2wuiog-2ea877dfaaddbea4aef37d75bbd006a3 .av-icon-char{\nfont-size:60px;\nline-height:60px;\n}\n<\/style>\n<span  class='av_font_icon av-2wuiog-2ea877dfaaddbea4aef37d75bbd006a3 avia_animate_when_visible av-icon-style- avia-icon-pos-center avia-icon-animate'><span class='av-icon-char' aria-hidden='true' data-av_icon='\ue8ce' data-av_iconfont='entypo-fontello' ><\/span><\/span><br \/>\n\n<style type=\"text\/css\" data-created_by=\"avia_inline_auto\" id=\"style-css-av-13vwv4-c7a62de6959542495d06b13c5fac4f9f\">\n#top .hr.hr-invisible.av-13vwv4-c7a62de6959542495d06b13c5fac4f9f{\nheight:20px;\n}\n<\/style>\n<div  class='hr av-13vwv4-c7a62de6959542495d06b13c5fac4f9f hr-invisible  avia-builder-el-10  el_after_av_font_icon  el_before_av_textblock '><span class='hr-inner '><span class=\"hr-inner-style\"><\/span><\/span><\/div><br \/>\n\n<style type=\"text\/css\" data-created_by=\"avia_inline_auto\" id=\"style-css-av-7jd94-2348f1c94ff6314f898e1178e6ccacb0\">\n#top .av_textblock_section.av-7jd94-2348f1c94ff6314f898e1178e6ccacb0 .avia_textblock{\ncolor:#ffffff;\n}\n<\/style>\n<section  class='av_textblock_section av-7jd94-2348f1c94ff6314f898e1178e6ccacb0 '   itemscope=\"itemscope\" itemtype=\"https:\/\/schema.org\/CreativeWork\" ><div class='avia_textblock av_inherit_color'  itemprop=\"text\" ><h4 style=\"text-align: center;\">Buques<\/h4>\n<\/div><\/section><br \/>\n<div  class='avia-button-wrap av-l62h1lfm-41ab137b6b60fa9e9b2a74aa884b4133-wrap avia-button-center  avia-builder-el-12  el_after_av_textblock  avia-builder-el-last '><a href='http:\/\/canaryislandmarinesurvey.com\/es_es\/buques\/'  class='avia-button av-l62h1lfm-41ab137b6b60fa9e9b2a74aa884b4133 av-link-btn avia-icon_select-no avia-size-medium avia-position-center avia-color-light'   aria-label=\"Servicios\"><span class='avia_iconbox_title' >Servicios<\/span><\/a><\/div><\/p><\/div>\n<style type=\"text\/css\" data-created_by=\"avia_inline_auto\" id=\"style-css-av-2438m8-04aa9c5fb8d3579bd7fd86e880d85109\">\n#top .flex_column_table.av-equal-height-column-flextable.av-2438m8-04aa9c5fb8d3579bd7fd86e880d85109{\nmargin-top:-200px;\nmargin-bottom:0px;\n}\n.flex_column.av-2438m8-04aa9c5fb8d3579bd7fd86e880d85109{\nborder-width:5px;\nborder-color:#ffffff;\nborder-style:solid;\nborder-radius:0px 0px 0px 0px;\npadding:40px 40px 40px 40px;\nbackground-color:#22689e;\n}\n<\/style>\n<div  class='flex_column av-2438m8-04aa9c5fb8d3579bd7fd86e880d85109 av_one_fourth  avia-builder-el-13  el_after_av_one_fourth  el_before_av_one_fourth  no_margin flex_column_table_cell av-equal-height-column av-align-top  '     ><p>\n<style type=\"text\/css\" data-created_by=\"avia_inline_auto\" id=\"style-css-av-1wr44o-1de9b7b0d3ed9e115a208429ef4d47db\">\n.av_font_icon.av-1wr44o-1de9b7b0d3ed9e115a208429ef4d47db{\ncolor:#ffffff;\nborder-color:#ffffff;\n}\n.av_font_icon.av-1wr44o-1de9b7b0d3ed9e115a208429ef4d47db .av-icon-char{\nfont-size:60px;\nline-height:60px;\n}\n<\/style>\n<span  class='av_font_icon av-1wr44o-1de9b7b0d3ed9e115a208429ef4d47db avia_animate_when_visible av-icon-style- avia-icon-pos-center avia-icon-animate'><span class='av-icon-char' aria-hidden='true' data-av_icon='\ue851' data-av_iconfont='entypo-fontello' ><\/span><\/span><br \/>\n\n<style type=\"text\/css\" data-created_by=\"avia_inline_auto\" id=\"style-css-av-80atk-8364676dbe660a6f7974ee703b3c059a\">\n#top .hr.hr-invisible.av-80atk-8364676dbe660a6f7974ee703b3c059a{\nheight:20px;\n}\n<\/style>\n<div  class='hr av-80atk-8364676dbe660a6f7974ee703b3c059a hr-invisible  avia-builder-el-15  el_after_av_font_icon  el_before_av_textblock '><span class='hr-inner '><span class=\"hr-inner-style\"><\/span><\/span><\/div><br \/>\n\n<style type=\"text\/css\" data-created_by=\"avia_inline_auto\" id=\"style-css-av-1jidbk-70a1647f436a7963e61c0f723d5f3b6d\">\n#top .av_textblock_section.av-1jidbk-70a1647f436a7963e61c0f723d5f3b6d .avia_textblock{\ncolor:#ffffff;\n}\n<\/style>\n<section  class='av_textblock_section av-1jidbk-70a1647f436a7963e61c0f723d5f3b6d '   itemscope=\"itemscope\" itemtype=\"https:\/\/schema.org\/CreativeWork\" ><div class='avia_textblock av_inherit_color'  itemprop=\"text\" ><h4 style=\"text-align: center;\">Mercanc\u00edas<\/h4>\n<\/div><\/section><br \/>\n<div  class='avia-button-wrap av-io9co-c25269dbfacdb15c6dce8ec8a71f0fe8-wrap avia-button-center  avia-builder-el-17  el_after_av_textblock  avia-builder-el-last '><a href='http:\/\/canaryislandmarinesurvey.com\/es_es\/mercancias\/'  class='avia-button av-io9co-c25269dbfacdb15c6dce8ec8a71f0fe8 av-link-btn avia-icon_select-no avia-size-medium avia-position-center avia-color-light'   aria-label=\"Servicios\"><span class='avia_iconbox_title' >Servicios<\/span><\/a><\/div><\/p><\/div>\n<style type=\"text\/css\" data-created_by=\"avia_inline_auto\" id=\"style-css-av-120s74-9e20b529bd6a8bb6ed4c73c1d873f893\">\n#top .flex_column_table.av-equal-height-column-flextable.av-120s74-9e20b529bd6a8bb6ed4c73c1d873f893{\nmargin-top:-200px;\nmargin-bottom:0px;\n}\n.flex_column.av-120s74-9e20b529bd6a8bb6ed4c73c1d873f893{\nborder-width:5px;\nborder-color:#ffffff;\nborder-style:solid;\nborder-radius:0px 0px 0px 0px;\npadding:40px 40px 40px 40px;\nbackground-color:#22689e;\n}\n<\/style>\n<div  class='flex_column av-120s74-9e20b529bd6a8bb6ed4c73c1d873f893 av_one_fourth  avia-builder-el-18  el_after_av_one_fourth  el_before_av_one_fourth  no_margin flex_column_table_cell av-equal-height-column av-align-top  '     ><p>\n<style type=\"text\/css\" data-created_by=\"avia_inline_auto\" id=\"style-css-av-yl06g-8a6996332aa2bb43c4be8f7ee8e12eee\">\n.av_font_icon.av-yl06g-8a6996332aa2bb43c4be8f7ee8e12eee{\ncolor:#ffffff;\nborder-color:#ffffff;\n}\n.av_font_icon.av-yl06g-8a6996332aa2bb43c4be8f7ee8e12eee .av-icon-char{\nfont-size:60px;\nline-height:60px;\n}\n<\/style>\n<span  class='av_font_icon av-yl06g-8a6996332aa2bb43c4be8f7ee8e12eee avia_animate_when_visible av-icon-style- avia-icon-pos-center avia-icon-animate'><span class='av-icon-char' aria-hidden='true' data-av_icon='\ue8b9' data-av_iconfont='entypo-fontello' ><\/span><\/span><br \/>\n\n<style type=\"text\/css\" data-created_by=\"avia_inline_auto\" id=\"style-css-av-v4zo8-959212461f74a7622b8f0f39f7474100\">\n#top .hr.hr-invisible.av-v4zo8-959212461f74a7622b8f0f39f7474100{\nheight:20px;\n}\n<\/style>\n<div  class='hr av-v4zo8-959212461f74a7622b8f0f39f7474100 hr-invisible  avia-builder-el-20  el_after_av_font_icon  el_before_av_textblock '><span class='hr-inner '><span class=\"hr-inner-style\"><\/span><\/span><\/div><br \/>\n\n<style type=\"text\/css\" data-created_by=\"avia_inline_auto\" id=\"style-css-av-kiuq8-110b7ece7ed9d974a8826c1385226539\">\n#top .av_textblock_section.av-kiuq8-110b7ece7ed9d974a8826c1385226539 .avia_textblock{\ncolor:#ffffff;\n}\n<\/style>\n<section  class='av_textblock_section av-kiuq8-110b7ece7ed9d974a8826c1385226539 '   itemscope=\"itemscope\" itemtype=\"https:\/\/schema.org\/CreativeWork\" ><div class='avia_textblock av_inherit_color'  itemprop=\"text\" ><h4 style=\"text-align: center;\">Embarcaciones de Recreo<\/h4>\n<\/div><\/section><br \/>\n<div  class='avia-button-wrap av-cj02o-576f1d0a368c0d3b9a8fb89af35718d0-wrap avia-button-center  avia-builder-el-22  el_after_av_textblock  avia-builder-el-last '><a href='http:\/\/canaryislandmarinesurvey.com\/es_es\/embarcaciones-de-recreo\/'  class='avia-button av-cj02o-576f1d0a368c0d3b9a8fb89af35718d0 av-link-btn avia-icon_select-no avia-size-medium avia-position-center avia-color-light'   aria-label=\"Servicios\"><span class='avia_iconbox_title' >Servicios<\/span><\/a><\/div><\/p><\/div>\n<style type=\"text\/css\" data-created_by=\"avia_inline_auto\" id=\"style-css-av-nqeg8-7832e76afcd0ca59234a5d992cccaf73\">\n#top .flex_column_table.av-equal-height-column-flextable.av-nqeg8-7832e76afcd0ca59234a5d992cccaf73{\nmargin-top:-200px;\nmargin-bottom:0px;\n}\n.flex_column.av-nqeg8-7832e76afcd0ca59234a5d992cccaf73{\nborder-width:5px;\nborder-color:#ffffff;\nborder-style:solid;\nborder-radius:0px 0px 0px 0px;\npadding:40px 40px 40px 40px;\nbackground-color:#22689e;\n}\n<\/style>\n<div  class='flex_column av-nqeg8-7832e76afcd0ca59234a5d992cccaf73 av_one_fourth  avia-builder-el-23  el_after_av_one_fourth  avia-builder-el-last  no_margin flex_column_table_cell av-equal-height-column av-align-top  '     ><p>\n<style type=\"text\/css\" data-created_by=\"avia_inline_auto\" id=\"style-css-av-dsod4-724855613a616516e0e5c93e4ba53acf\">\n.av_font_icon.av-dsod4-724855613a616516e0e5c93e4ba53acf{\ncolor:#ffffff;\nborder-color:#ffffff;\n}\n.av_font_icon.av-dsod4-724855613a616516e0e5c93e4ba53acf .av-icon-char{\nfont-size:60px;\nline-height:60px;\n}\n<\/style>\n<span  class='av_font_icon av-dsod4-724855613a616516e0e5c93e4ba53acf avia_animate_when_visible av-icon-style- avia-icon-pos-center avia-icon-animate'><span class='av-icon-char' aria-hidden='true' data-av_icon='\ue82b' data-av_iconfont='entypo-fontello' ><\/span><\/span><br \/>\n\n<style type=\"text\/css\" data-created_by=\"avia_inline_auto\" id=\"style-css-av-at4g8-700b79cfe3696a74f4985696c286fc6b\">\n#top .hr.hr-invisible.av-at4g8-700b79cfe3696a74f4985696c286fc6b{\nheight:20px;\n}\n<\/style>\n<div  class='hr av-at4g8-700b79cfe3696a74f4985696c286fc6b hr-invisible  avia-builder-el-25  el_after_av_font_icon  el_before_av_textblock '><span class='hr-inner '><span class=\"hr-inner-style\"><\/span><\/span><\/div><br \/>\n\n<style type=\"text\/css\" data-created_by=\"avia_inline_auto\" id=\"style-css-av-l62gt4cb-4a33b39c83c1b8bb8791dd048e8bc100\">\n#top .av_textblock_section.av-l62gt4cb-4a33b39c83c1b8bb8791dd048e8bc100 .avia_textblock{\ncolor:#ffffff;\n}\n<\/style>\n<section  class='av_textblock_section av-l62gt4cb-4a33b39c83c1b8bb8791dd048e8bc100 '   itemscope=\"itemscope\" itemtype=\"https:\/\/schema.org\/CreativeWork\" ><div class='avia_textblock av_inherit_color'  itemprop=\"text\" ><h4 style=\"text-align: center;\">Seguros<\/h4>\n<\/div><\/section><br \/>\n<div  class='avia-button-wrap av-9okko-054e61ffcbb3669c204156ff6875e567-wrap avia-button-center  avia-builder-el-27  el_after_av_textblock  avia-builder-el-last '><a href='http:\/\/canaryislandmarinesurvey.com\/es_es\/seguros\/'  class='avia-button av-9okko-054e61ffcbb3669c204156ff6875e567 av-link-btn avia-icon_select-no avia-size-medium avia-position-center avia-color-light'   aria-label=\"Servicios\"><span class='avia_iconbox_title' >Servicios<\/span><\/a><\/div><\/p><\/div><\/div><!--close column table wrapper. Autoclose: 1 -->\n\n<\/div><\/div><\/div><!-- close content main div --><\/div><\/div><div id='full_slider_1'  class='avia-fullwidth-slider main_color avia-shadow   avia-builder-el-28  el_after_av_section  el_before_av_textblock   slider-not-first container_wrap fullsize'  ><div  class='avia-slideshow av-krtft11x-e8523f6a5fcf63388e65d5eda2908170 avia-slideshow-featured av_slideshow_full avia-slide-slider av-slideshow-ui av-control-default av-slideshow-manual av-loop-once av-loop-manual-endless av-default-height-applied   avia-slideshow-1' data-slideshow-options=\"{&quot;animation&quot;:&quot;slide&quot;,&quot;autoplay&quot;:false,&quot;loop_autoplay&quot;:&quot;once&quot;,&quot;interval&quot;:5,&quot;loop_manual&quot;:&quot;manual-endless&quot;,&quot;autoplay_stopper&quot;:false,&quot;noNavigation&quot;:false,&quot;bg_slider&quot;:false,&quot;keep_padding&quot;:false,&quot;hoverpause&quot;:false,&quot;show_slide_delay&quot;:0}\"  itemprop=\"image\" itemscope=\"itemscope\" itemtype=\"https:\/\/schema.org\/ImageObject\" ><ul class='avia-slideshow-inner ' style='padding-bottom: 55.91677503251%;'><li  class='avia-slideshow-slide av-krtft11x-e8523f6a5fcf63388e65d5eda2908170__0  av-single-slide slide-1 slide-odd'><div data-rel='slideshow-1' class='avia-slide-wrap '   ><img fetchpriority=\"high\" fetchpriority=\"high\" decoding=\"async\" fetchpriority=\"high\" class=\"wp-image-1153 avia-img-lazy-loading-not-1153\"  src=\"https:\/\/canaryislandmarinesurvey.com\/wp-content\/uploads\/2021\/08\/1f14137d66e1186b45d419608d42ffb375c30e67.png\" width=\"769\" height=\"430\" title='1f14137d66e1186b45d419608d42ffb375c30e67' alt=''  itemprop=\"thumbnailUrl\" srcset=\"https:\/\/canaryislandmarinesurvey.com\/wp-content\/uploads\/2021\/08\/1f14137d66e1186b45d419608d42ffb375c30e67.png 1430w, https:\/\/canaryislandmarinesurvey.com\/wp-content\/uploads\/2021\/08\/1f14137d66e1186b45d419608d42ffb375c30e67-300x168.png 300w, https:\/\/canaryislandmarinesurvey.com\/wp-content\/uploads\/2021\/08\/1f14137d66e1186b45d419608d42ffb375c30e67-1024x573.png 1024w, https:\/\/canaryislandmarinesurvey.com\/wp-content\/uploads\/2021\/08\/1f14137d66e1186b45d419608d42ffb375c30e67-768x430.png 768w\" sizes=\"(max-width: 769px) 100vw, 769px\" \/><\/div><\/li><\/ul><\/div><\/div><div id='after_full_slider_1'  class='main_color av_default_container_wrap container_wrap fullsize'  ><div class='container av-section-cont-open' ><div class='template-page content  av-content-full alpha units'><div class='post-entry post-entry-type-page post-entry-952'><div class='entry-content-wrapper clearfix'>\n<section  class='av_textblock_section av-krtfr2lm-29a209dd74fa995fdfe43a98536ee742 '   itemscope=\"itemscope\" itemtype=\"https:\/\/schema.org\/CreativeWork\" ><div class='avia_textblock'  itemprop=\"text\" ><p><strong>Conf\u00ede en los expertos para asegurar la eficiencia y seguridad de su embarcaci\u00f3n. Nuestro servicio de inspecci\u00f3n de calidad y cantidad est\u00e1 dise\u00f1ado para garantizar los m\u00e1s altos est\u00e1ndares. Ya sea una embarcaci\u00f3n de recreo o un buque de carga, contamos con la experiencia y la precisi\u00f3n.<\/strong><\/p>\n<\/div><\/section>\n<div  class='avia-button-wrap av-96480-7e0b7b039318b946c207f9636d2d67a2-wrap avia-button-center  avia-builder-el-30  el_after_av_textblock  avia-builder-el-last '><a href='mailto:imstecanatlantica@gmail.com' class='avia-button av-96480-7e0b7b039318b946c207f9636d2d67a2 av-link-btn avia-icon_select-no avia-size-medium avia-position-center avia-color-theme-color' target=\"_blank\" rel=\"noopener noreferrer\" aria-label=\"Cont\u00e1ctanos\"><span class='avia_iconbox_title' >Cont\u00e1ctanos<\/span><\/a><\/div>\n","protected":false},"excerpt":{"rendered":"","protected":false},"author":1,"featured_media":0,"parent":0,"menu_order":3,"comment_status":"closed","ping_status":"closed","template":"","meta":{"footnotes":""},"class_list":["post-952","page","type-page","status-publish","hentry"],"_links":{"self":[{"href":"http:\/\/canaryislandmarinesurvey.com\/es_es\/wp-json\/wp\/v2\/pages\/952","targetHints":{"allow":["GET"]}}],"collection":[{"href":"http:\/\/canaryislandmarinesurvey.com\/es_es\/wp-json\/wp\/v2\/pages"}],"about":[{"href":"http:\/\/canaryislandmarinesurvey.com\/es_es\/wp-json\/wp\/v2\/types\/page"}],"author":[{"embeddable":true,"href":"http:\/\/canaryislandmarinesurvey.com\/es_es\/wp-json\/wp\/v2\/users\/1"}],"replies":[{"embeddable":true,"href":"http:\/\/canaryislandmarinesurvey.com\/es_es\/wp-json\/wp\/v2\/comments?post=952"}],"version-history":[{"count":14,"href":"http:\/\/canaryislandmarinesurvey.com\/es_es\/wp-json\/wp\/v2\/pages\/952\/revisions"}],"predecessor-version":[{"id":2039,"href":"http:\/\/canaryislandmarinesurvey.com\/es_es\/wp-json\/wp\/v2\/pages\/952\/revisions\/2039"}],"wp:attachment":[{"href":"http:\/\/canaryislandmarinesurvey.com\/es_es\/wp-json\/wp\/v2\/media?parent=952"}],"curies":[{"name":"wp","href":"https:\/\/api.w.org\/{rel}","templated":true}]}}